{"id":17,"date":"2026-02-01T11:34:11","date_gmt":"2026-02-01T11:34:11","guid":{"rendered":"https:\/\/psycho-logiquement.ch\/?page_id=17"},"modified":"2026-02-10T17:26:34","modified_gmt":"2026-02-10T17:26:34","slug":"prendre-rdv","status":"publish","type":"page","link":"https:\/\/psycho-logiquement.ch\/en\/prendre-rdv\/","title":{"rendered":"Book an appointement"},"content":{"rendered":"<p>[et_pb_section fb_built=\u00a0\u00bb1&Prime; admin_label=\u00a0\u00bbHeader &#038; Contact\u00a0\u00bb _builder_version=\u00a0\u00bb4.27.5&Prime; _module_preset=\u00a0\u00bbdefault\u00a0\u00bb background_color=\u00a0\u00bbgcid-8544a4e2-27b8-420a-83de-1cee04f2fb29&Prime; custom_padding=\u00a0\u00bb||16px||false|false\u00a0\u00bb collapsed=\u00a0\u00bbon\u00a0\u00bb global_colors_info=\u00a0\u00bb{%22gcid-8544a4e2-27b8-420a-83de-1cee04f2fb29%22:%91%22background_color%22%93}\u00a0\u00bb][et_pb_row _builder_version=\u00a0\u00bb4.25.1&Prime; _module_preset=\u00a0\u00bbdefault\u00a0\u00bb locked=\u00a0\u00bboff\u00a0\u00bb global_colors_info=\u00a0\u00bb{}\u00a0\u00bb][et_pb_column type=\u00a0\u00bb4_4&Prime; _builder_version=\u00a0\u00bb4.25.1&Prime; _module_preset=\u00a0\u00bbdefault\u00a0\u00bb global_colors_info=\u00a0\u00bb{}\u00a0\u00bb][et_pb_heading title=\u00a0\u00bbPrenez rendez-vous\u00a0\u00bb _builder_version=\u00a0\u00bb4.27.5&Prime; _module_preset=\u00a0\u00bb2df1e646-f3fa-499c-80d8-ddb20ce6c22e\u00a0\u00bb title_text_color=\u00a0\u00bb#8EA48B\u00a0\u00bb custom_padding=\u00a0\u00bb20px||||false|false\u00a0\u00bb hover_enabled=\u00a0\u00bb0&Prime; title_font_size_tablet=\u00a0\u00bb60px\u00a0\u00bb title_font_size_phone=\u00a0\u00bb40px\u00a0\u00bb title_font_size_last_edited=\u00a0\u00bbon|phone\u00a0\u00bb border_color_all=\u00a0\u00bb#8EA48B\u00a0\u00bb border_width_top=\u00a0\u00bb2px\u00a0\u00bb locked=\u00a0\u00bboff\u00a0\u00bb global_colors_info=\u00a0\u00bb{}\u00a0\u00bb sticky_enabled=\u00a0\u00bb0&Prime;][\/et_pb_heading][\/et_pb_column][\/et_pb_row][et_pb_row _builder_version=\u00a0\u00bb4.27.5&Prime; _module_preset=\u00a0\u00bbdefault\u00a0\u00bb][et_pb_column _builder_version=\u00a0\u00bb4.27.5&Prime; _module_preset=\u00a0\u00bbdefault\u00a0\u00bb type=\u00a0\u00bb4_4&Prime;][et_pb_code _builder_version=\u00a0\u00bb4.27.5&Prime; _module_preset=\u00a0\u00bbdefault\u00a0\u00bb hover_enabled=\u00a0\u00bb0&Prime; sticky_enabled=\u00a0\u00bb0&Prime;]<script>var widgetConfigs=widgetConfigs||{};widgetConfigs[\"a9df3d59e25418a5f9c17b04541bd07b0cccbf3f9b06d7bba7a8712cd600628a\"]={},widgetConfigs[\"a9df3d59e25418a5f9c17b04541bd07b0cccbf3f9b06d7bba7a8712cd600628a\"].measurementIds=[],widgetConfigs[\"a9df3d59e25418a5f9c17b04541bd07b0cccbf3f9b06d7bba7a8712cd600628a\"].hasGoogleTagTracking=!1,widgetConfigs[\"a9df3d59e25418a5f9c17b04541bd07b0cccbf3f9b06d7bba7a8712cd600628a\"].hasFusedeck=!1,window.addEventListener(\"message\",(function(e){var t=e.data[\"od-widget-id\"],i=e.data[\"od-widget-height\"],d=e.data[\"od-widget-ios\"];if(t&&t in widgetConfigs&&\"a9df3d59e25418a5f9c17b04541bd07b0cccbf3f9b06d7bba7a8712cd600628a\"===t){var a=document.getElementById(\"od-widget-\"+t);i&&(a.style.height=i+\"px\"),!0===d&&(a.style.width=\"100px\",a.style[\"min-width\"]=\"100%\",a.scrolling=\"no\");var g=e.data[\"od-tracking-configs\"];void 0!==g&&(widgetConfigs[t].measurementIds=g);var o=e.data[\"od-has-google-tag-manager\"];void 0!==o&&(widgetConfigs[t].hasGoogleTagTracking=o);var f=e.data[\"od-has-fusedeck\"];void 0!==f&&(widgetConfigs[t].hasFusedeck=f);var n=e.data.GA4;if(widgetConfigs[t].hasGoogleTagTracking&&window.dataLayer&&n){var s=Object.keys(n.properties),r={event:n.name};s.forEach((function(e){r[e]=n.properties[e]})),dataLayer.push(r)}if(widgetConfigs[t].hasFusedeck&&window.fdData&&n){var s=Object.keys(n.properties),r={event:n.name};s.forEach((function(e){r[e]=n.properties[e]})),fdData.push(r)}if(n&&void 0!==window.gtag)for(var w=0;w<widgetConfigs[t].measurementIds.length;w++){var f=widgetConfigs[t].measurementIds[w],c=(s=Object.keys(n.properties),{send_to:f});s.forEach((function(e){c[e]=n.properties[e]})),gtag(\"event\",n.name,c)}}})),window.addEventListener(\"load\",(function(e){for(var t=document.querySelectorAll(\"iframe.od-widget\"),i=0;i<t.length;i++){var d=t[i];d.dataset&#038;&#038;d.dataset.src&#038;&#038;(d.src=d.dataset.src)}}));<\/script><iframe class=\"od-widget\" id=\"od-widget-a9df3d59e25418a5f9c17b04541bd07b0cccbf3f9b06d7bba7a8712cd600628a\" src=\"about:blank\" data-src=\"https:\/\/onedoc.ch\/fr\/widget\/a9df3d59e25418a5f9c17b04541bd07b0cccbf3f9b06d7bba7a8712cd600628a\" frameborder=\"0\" style=\"width:100%;max-width:1024px;height:400px\"><\/iframe>[\/et_pb_code][\/et_pb_column][\/et_pb_row][\/et_pb_section][et_pb_section fb_built=\"1\" admin_label=\"Footer\" _builder_version=\"4.27.5\" _module_preset=\"default\" background_color=\"gcid-8544a4e2-27b8-420a-83de-1cee04f2fb29\" custom_padding=\"16px||0px||false|false\" global_module=\"305\" saved_tabs=\"all\" collapsed=\"on\" global_colors_info=\"{%22gcid-8544a4e2-27b8-420a-83de-1cee04f2fb29%22:%91%22background_color%22%93}\"][et_pb_row column_structure=\"1_2,1_2\" _builder_version=\"4.27.5\" _module_preset=\"default\" width_tablet=\"\" width_phone=\"\" width_last_edited=\"on|phone\" module_alignment=\"center\" global_colors_info=\"{}\"][et_pb_column type=\"1_2\" _builder_version=\"4.25.1\" _module_preset=\"default\" global_colors_info=\"{}\"][et_pb_image src=\"https:\/\/psycho-logiquement.ch\/wp-content\/uploads\/2026\/01\/Logo-horizontal-couleur-scaled.png\" alt=\"Logo Psychologiquement horizontal couleur\" title_text=\"Logo Psychologiquement horizontal couleur\" _builder_version=\"4.27.5\" _module_preset=\"default\" width=\"50%\" max_width_tablet=\"50%\" max_width_phone=\"70%\" max_width_last_edited=\"on|phone\" global_colors_info=\"{}\"][\/et_pb_image][\/et_pb_column][et_pb_column type=\"1_2\" _builder_version=\"4.25.1\" _module_preset=\"default\" global_colors_info=\"{}\"][et_pb_heading title=\"Rachel Voirin\" _builder_version=\"4.27.5\" _module_preset=\"6be7c69a-0d90-44c9-8074-d6f3ead8d20d\" title_level=\"h1\" title_text_color=\"#8EA48B\" title_font_size=\"30px\" custom_margin=\"0px||0px||false|false\" custom_padding=\"0px||0px||false|false\" title_font_size_tablet=\"30px\" title_font_size_phone=\"30px\" title_font_size_last_edited=\"on|phone\" global_colors_info=\"{}\"][\/et_pb_heading][et_pb_heading title=\"Psychologue FSI\" _builder_version=\"4.27.5\" _module_preset=\"5821052e-b66e-43eb-b243-7d83b92b0440\" title_level=\"h1\" title_text_color=\"#8EA48B\" title_font_size=\"30px\" custom_margin=\"0px||0px||false|false\" custom_padding=\"0px||0px||false|false\" title_font_size_tablet=\"30px\" title_font_size_phone=\"30px\" global_colors_info=\"{}\"][\/et_pb_heading][\/et_pb_column][\/et_pb_row][et_pb_row column_structure=\"1_3,1_3,1_3\" _builder_version=\"4.27.5\" _module_preset=\"default\" custom_padding=\"0px||0px||false|false\" global_colors_info=\"{}\"][et_pb_column type=\"1_3\" _builder_version=\"4.25.1\" _module_preset=\"default\" global_colors_info=\"{}\"][et_pb_heading title=\"Cabinet\" _builder_version=\"4.27.5\" _module_preset=\"ff45916d-eb30-4cdd-9c99-a98f01ba5609\" title_text_color=\"#8EA48B\" title_font_size=\"20px\" custom_margin=\"||0px||false|false\" title_font_size_tablet=\"20px\" title_font_size_phone=\"20px\" title_font_size_last_edited=\"on|desktop\" global_colors_info=\"{}\"][\/et_pb_heading][et_pb_text _builder_version=\"4.27.5\" _module_preset=\"42ca8e9e-4146-44b1-b1f3-acd25f7dde85\" text_font_size=\"16px\" link_option_url=\"https:\/\/share.google\/K1poCdcqWaBLYLRad\" link_option_url_new_window=\"on\" global_colors_info=\"{}\"]<\/p>\n<p>Avenue de Rumine 48, 1005 Lausanne<\/p>\n<p>[\/et_pb_text][\/et_pb_column][et_pb_column type=\"1_3\" _builder_version=\"4.25.1\" _module_preset=\"default\" global_colors_info=\"{}\"][et_pb_heading title=\"Num\u00e9ro de t\u00e9l\u00e9phone\" _builder_version=\"4.27.5\" _module_preset=\"ff45916d-eb30-4cdd-9c99-a98f01ba5609\" title_text_color=\"#8EA48B\" title_font_size=\"20px\" custom_margin=\"||0px||false|false\" title_font_size_tablet=\"20px\" title_font_size_phone=\"20px\" title_font_size_last_edited=\"on|desktop\" global_colors_info=\"{}\"][\/et_pb_heading][et_pb_text content_tablet=\"<\/p>\n<p>+41 76 397 98 01<\/p>\n<p>\" content_phone=\"<\/p>\n<p>+41 76 397 98 01<\/p>\n<p>\" content_last_edited=\"on|tablet\" _builder_version=\"4.27.5\" _module_preset=\"42ca8e9e-4146-44b1-b1f3-acd25f7dde85\" text_font_size=\"16px\" link_option_url=\"tel:+41763979801\" link_option_url_new_window=\"on\" global_colors_info=\"{}\"]<\/p>\n<p>+41 76 397 98 01<\/p>\n<p>[\/et_pb_text][\/et_pb_column][et_pb_column type=\"1_3\" _builder_version=\"4.25.1\" _module_preset=\"default\" global_colors_info=\"{}\"][et_pb_heading title=\"Email\" _builder_version=\"4.27.5\" _module_preset=\"ff45916d-eb30-4cdd-9c99-a98f01ba5609\" title_text_color=\"#8EA48B\" title_font_size=\"20px\" custom_margin=\"||0px||false|false\" title_font_size_tablet=\"20px\" title_font_size_phone=\"20px\" title_font_size_last_edited=\"on|desktop\" global_colors_info=\"{}\"][\/et_pb_heading][et_pb_text _builder_version=\"4.27.5\" _module_preset=\"42ca8e9e-4146-44b1-b1f3-acd25f7dde85\" text_font_size=\"16px\" link_text_color=\"#666666\" link_option_url=\"mailto:psycho.logiquement.rachel@gmail.com\" link_option_url_new_window=\"on\" global_colors_info=\"{%22gcid-bcc99e3b-722a-4dba-85e5-49c6d1592562%22:%91%22quote_border_color%22,%22quote_border_color%22,%22quote_border_color%22,%22quote_border_color%22,%22quote_border_color%22%93,%22gcid-fa3e187d-20a7-4c5a-962d-49a38117a4cc%22:%91%22quote_text_color%22,%22quote_text_color%22,%22quote_text_color%22,%22quote_text_color%22,%22quote_text_color%22%93}\"]<\/p>\n<p>psycho.logiquement.rachel@gmail.com<\/p>\n<p>[\/et_pb_text][\/et_pb_column][\/et_pb_row][et_pb_row _builder_version=\"4.27.5\" _module_preset=\"default\" custom_margin=\"0px||0px||false|false\" custom_padding=\"0px||0px||false|false\" border_color_all=\"RGBA(255,255,255,0)\" border_width_top=\"2px\" global_colors_info=\"{}\"][et_pb_column type=\"4_4\" _builder_version=\"4.25.1\" _module_preset=\"default\" global_colors_info=\"{}\"][et_pb_divider color=\"#8EA48B\" divider_position=\"bottom\" divider_weight=\"1px\" _builder_version=\"4.27.5\" _module_preset=\"default\" global_colors_info=\"{}\"][\/et_pb_divider][\/et_pb_column][\/et_pb_row][\/et_pb_section]<\/p>\n","protected":false},"excerpt":{"rendered":"<p>Avenue de Rumine 48, 1005 Lausanne+41 76 397 98 01psycho.logiquement.rachel@gmail.com<\/p>","protected":false},"author":1,"featured_media":0,"parent":0,"menu_order":0,"comment_status":"closed","ping_status":"closed","template":"","meta":{"_et_pb_use_builder":"on","_et_pb_old_content":"","_et_gb_content_width":"","footnotes":""},"class_list":["post-17","page","type-page","status-publish","hentry"],"_links":{"self":[{"href":"https:\/\/psycho-logiquement.ch\/en\/wp-json\/wp\/v2\/pages\/17","targetHints":{"allow":["GET"]}}],"collection":[{"href":"https:\/\/psycho-logiquement.ch\/en\/wp-json\/wp\/v2\/pages"}],"about":[{"href":"https:\/\/psycho-logiquement.ch\/en\/wp-json\/wp\/v2\/types\/page"}],"author":[{"embeddable":true,"href":"https:\/\/psycho-logiquement.ch\/en\/wp-json\/wp\/v2\/users\/1"}],"replies":[{"embeddable":true,"href":"https:\/\/psycho-logiquement.ch\/en\/wp-json\/wp\/v2\/comments?post=17"}],"version-history":[{"count":14,"href":"https:\/\/psycho-logiquement.ch\/en\/wp-json\/wp\/v2\/pages\/17\/revisions"}],"predecessor-version":[{"id":366,"href":"https:\/\/psycho-logiquement.ch\/en\/wp-json\/wp\/v2\/pages\/17\/revisions\/366"}],"wp:attachment":[{"href":"https:\/\/psycho-logiquement.ch\/en\/wp-json\/wp\/v2\/media?parent=17"}],"curies":[{"name":"wp","href":"https:\/\/api.w.org\/{rel}","templated":true}]}}