{"id":21,"date":"2026-01-21T15:55:44","date_gmt":"2026-01-21T15:55:44","guid":{"rendered":"https:\/\/psycho-logiquement.ch\/?page_id=21"},"modified":"2026-02-12T13:07:52","modified_gmt":"2026-02-12T13:07:52","slug":"la-psychologue","status":"publish","type":"page","link":"https:\/\/psycho-logiquement.ch\/en\/la-psychologue\/","title":{"rendered":"The psychologist"},"content":{"rendered":"<p>[et_pb_section fb_built=\u00a0\u00bb1&Prime; admin_label=\u00a0\u00bbHeader\u00a0\u00bb _builder_version=\u00a0\u00bb4.27.5&Prime; _module_preset=\u00a0\u00bbdefault\u00a0\u00bb background_color=\u00a0\u00bbgcid-8544a4e2-27b8-420a-83de-1cee04f2fb29&Prime; custom_padding=\u00a0\u00bb||16px||false|false\u00a0\u00bb locked=\u00a0\u00bboff\u00a0\u00bb collapsed=\u00a0\u00bbon\u00a0\u00bb global_colors_info=\u00a0\u00bb{%22gcid-8544a4e2-27b8-420a-83de-1cee04f2fb29%22:%91%22background_color%22%93}\u00a0\u00bb][et_pb_row column_structure=\u00a0\u00bb3_5,2_5&Prime; _builder_version=\u00a0\u00bb4.25.1&Prime; _module_preset=\u00a0\u00bbdefault\u00a0\u00bb global_colors_info=\u00a0\u00bb{}\u00a0\u00bb][et_pb_column type=\u00a0\u00bb3_5&Prime; _builder_version=\u00a0\u00bb4.25.1&Prime; _module_preset=\u00a0\u00bbdefault\u00a0\u00bb global_colors_info=\u00a0\u00bb{}\u00a0\u00bb][et_pb_heading title=\u00a0\u00bbRachel Voirin\u00a0\u00bb _builder_version=\u00a0\u00bb4.27.5&Prime; _module_preset=\u00a0\u00bb1e296860-547f-46c5-9a6b-f13a2846a907&Prime; title_text_color=\u00a0\u00bb#8EA48B\u00a0\u00bb custom_padding=\u00a0\u00bb20px||||false|false\u00a0\u00bb title_font_size_tablet=\u00a0\u00bb90px\u00a0\u00bb title_font_size_phone=\u00a0\u00bb60px\u00a0\u00bb title_font_size_last_edited=\u00a0\u00bbon|phone\u00a0\u00bb border_color_all=\u00a0\u00bb#8EA48B\u00a0\u00bb border_width_top=\u00a0\u00bb2px\u00a0\u00bb locked=\u00a0\u00bboff\u00a0\u00bb global_colors_info=\u00a0\u00bb{}\u00a0\u00bb][\/et_pb_heading][et_pb_text _builder_version=\u00a0\u00bb4.27.5&Prime; _module_preset=\u00a0\u00bbc3b937c9-ebd7-47d6-8683-29a1491d36f9&Prime; text_font_size_tablet=\u00a0\u00bb16px\u00a0\u00bb text_font_size_phone=\u00a0\u00bb16px\u00a0\u00bb text_font_size_last_edited=\u00a0\u00bbon|phone\u00a0\u00bb locked=\u00a0\u00bboff\u00a0\u00bb global_colors_info=\u00a0\u00bb{}\u00a0\u00bb]<\/p>\n<p>J\u2019accompagne les <span style=\"color: #8ea48b;\">adolescents, les adultes, les couples et les familles<\/span> dans les diff\u00e9rentes \u00e9tapes de leur vie.<\/p>\n<p>Mon intention est de proposer un espace s\u00e9curisant et bienveillant, o\u00f9 chacun peut se sentir accueilli tel qu\u2019il est, sans jugement.<\/p>\n<p>En tant que psychologue, ce qui me <span style=\"color: #8ea48b;\">tient particuli\u00e8rement \u00e0 c\u0153ur est de vous rencontrer l\u00e0 o\u00f9 vous \u00eates<\/span>. Il n\u2019y a pas besoin d\u2019aller \u00ab\u00a0bien\u00a0\u00bb ou \u00ab\u00a0assez mal\u00a0\u00bb pour venir consulter, ni d\u2019avoir les mots justes. Nous faisons avec ce qui est pr\u00e9sent, <span style=\"color: #8ea48b;\">\u00e0 votre rythme, en respectant vos besoins et vos limites.<\/span><\/p>\n<p>Je con\u00e7ois la <span style=\"color: #8ea48b;\">relation th\u00e9rapeutique comme une rencontre humaine avant tout<\/span>. Un espace de confiance, o\u00f9 l\u2019on peut d\u00e9poser ses difficult\u00e9s, r\u00e9fl\u00e9chir ensemble, mettre du sens sur ce qui se vit et, peu \u00e0 peu, retrouver plus de clart\u00e9 et d\u2019\u00e9quilibre.<\/p>\n<p>[\/et_pb_text][\/et_pb_column][et_pb_column type=\u00a0\u00bb2_5&Prime; _builder_version=\u00a0\u00bb4.25.1&Prime; _module_preset=\u00a0\u00bbdefault\u00a0\u00bb global_colors_info=\u00a0\u00bb{}\u00a0\u00bb][et_pb_image src=\u00a0\u00bbhttps:\/\/psycho-logiquement.ch\/wp-content\/uploads\/2026\/02\/psycho-logiquement-profil-rachel-2.png\u00a0\u00bb title_text=\u00a0\u00bbpsycho-logiquement-profil-rachel-2&Prime; _builder_version=\u00a0\u00bb4.27.5&Prime; _module_preset=\u00a0\u00bbdefault\u00a0\u00bb border_radii=\u00a0\u00bbon|500px|500px|500px|500px\u00a0\u00bb global_colors_info=\u00a0\u00bb{}\u00a0\u00bb width__hover_enabled=\u00a0\u00bboff|desktop\u00a0\u00bb][\/et_pb_image][\/et_pb_column][\/et_pb_row][\/et_pb_section][et_pb_section fb_built=\u00a0\u00bb1&Prime; admin_label=\u00a0\u00bbAbout\u00a0\u00bb _builder_version=\u00a0\u00bb4.27.5&Prime; _module_preset=\u00a0\u00bbdefault\u00a0\u00bb background_color=\u00a0\u00bb#8EA48B\u00a0\u00bb custom_padding=\u00a0\u00bb16px||16px||false|false\u00a0\u00bb locked=\u00a0\u00bboff\u00a0\u00bb collapsed=\u00a0\u00bbon\u00a0\u00bb global_colors_info=\u00a0\u00bb{}\u00a0\u00bb][et_pb_row column_structure=\u00a0\u00bb1_3,2_3&Prime; _builder_version=\u00a0\u00bb4.25.1&Prime; _module_preset=\u00a0\u00bbdefault\u00a0\u00bb locked=\u00a0\u00bboff\u00a0\u00bb global_colors_info=\u00a0\u00bb{}\u00a0\u00bb][et_pb_column type=\u00a0\u00bb1_3&Prime; _builder_version=\u00a0\u00bb4.25.1&Prime; _module_preset=\u00a0\u00bbdefault\u00a0\u00bb global_colors_info=\u00a0\u00bb{}\u00a0\u00bb][et_pb_image src=\u00a0\u00bbhttps:\/\/psycho-logiquement.ch\/wp-content\/uploads\/2026\/02\/bart-zimny-W5XTTLpk1-I-unsplash-scaled.jpg\u00a0\u00bb alt=\u00a0\u00bbPsychologiquement\u00a0\u00bb title_text=\u00a0\u00bbbart-zimny-W5XTTLpk1-I-unsplash\u00a0\u00bb align_tablet=\u00a0\u00bbcenter\u00a0\u00bb align_phone=\u00a0\u00bbcenter\u00a0\u00bb align_last_edited=\u00a0\u00bbon|desktop\u00a0\u00bb _builder_version=\u00a0\u00bb4.27.5&Prime; _module_preset=\u00a0\u00bbdefault\u00a0\u00bb max_width=\u00a0\u00bb306px\u00a0\u00bb max_width_tablet=\u00a0\u00bb\u00a0\u00bb max_width_phone=\u00a0\u00bb\u00a0\u00bb max_width_last_edited=\u00a0\u00bbon|phone\u00a0\u00bb min_height=\u00a0\u00bb229.3px\u00a0\u00bb custom_padding=\u00a0\u00bb0px|0px||||\u00a0\u00bb global_colors_info=\u00a0\u00bb{}\u00a0\u00bb max_width__hover_enabled=\u00a0\u00bbon|desktop\u00a0\u00bb max_width__hover=\u00a0\u00bb220px\u00a0\u00bb][\/et_pb_image][\/et_pb_column][et_pb_column type=\u00a0\u00bb2_3&Prime; _builder_version=\u00a0\u00bb4.25.1&Prime; _module_preset=\u00a0\u00bbdefault\u00a0\u00bb global_colors_info=\u00a0\u00bb{}\u00a0\u00bb][et_pb_heading title=\u00a0\u00bbMon approche\u00a0\u00bb _builder_version=\u00a0\u00bb4.27.5&Prime; _module_preset=\u00a0\u00bb14339677-665c-40a8-9dea-a8b06c6f6ddf\u00a0\u00bb title_text_color=\u00a0\u00bb#FFFFFF\u00a0\u00bb title_font_size_tablet=\u00a0\u00bb30px\u00a0\u00bb title_font_size_phone=\u00a0\u00bb30px\u00a0\u00bb title_font_size_last_edited=\u00a0\u00bbon|tablet\u00a0\u00bb global_colors_info=\u00a0\u00bb{}\u00a0\u00bb][\/et_pb_heading][et_pb_text _builder_version=\u00a0\u00bb4.27.5&Prime; _module_preset=\u00a0\u00bbc3b937c9-ebd7-47d6-8683-29a1491d36f9&Prime; text_text_color=\u00a0\u00bb#FFFFFF\u00a0\u00bb header_text_color=\u00a0\u00bb#FFFFFF\u00a0\u00bb text_font_size_tablet=\u00a0\u00bb16px\u00a0\u00bb text_font_size_phone=\u00a0\u00bb16px\u00a0\u00bb text_font_size_last_edited=\u00a0\u00bbon|phone\u00a0\u00bb global_colors_info=\u00a0\u00bb{}\u00a0\u00bb]<\/p>\n<p class=\"p1\"><span style=\"color: #ffffff;\">J\u2019adapte mon accompagnement \u00e0 votre situation, \u00e0 votre rythme, et \u00e0 ce que vous souhaitez changer. Mon r\u00f4le est de vous offrir un cadre stable, une \u00e9coute attentive, et des rep\u00e8res concrets pour avancer.<\/span><\/p>\n<h3><span style=\"color: #ffffff;\"><b>Une m\u00e9thode simple, construite avec vous<\/b><\/span><\/h3>\n<p class=\"p1\"><span style=\"color: #ffffff;\">En d\u00e9but de suivi, on clarifie ensemble :<span class=\"s1\"><\/span><\/span><\/p>\n<ul>\n<li>\n<p class=\"p1\"><span style=\"color: #ffffff;\">ce qui vous am\u00e8ne aujourd\u2019hui<\/span><\/p>\n<\/li>\n<li>\n<p class=\"p1\"><span style=\"color: #ffffff;\">ce qui vous p\u00e8se le plus<\/span><\/p>\n<\/li>\n<li>\n<p class=\"p1\"><span style=\"color: #ffffff;\">ce que vous aimeriez retrouver (calme, confiance, \u00e9lan, limites, \u00e9quilibre)<\/span><\/p>\n<\/li>\n<\/ul>\n<p><span style=\"font-size: 16px; color: #ffffff;\">On prend le temps de comprendre ce qui se joue : vos \u00e9motions, vos pens\u00e9es, vos r\u00e9actions, et le contexte de votre vie.<\/span><\/p>\n<p class=\"p1\"><span style=\"color: #ffffff;\">Puis on choisit une direction de travail, avec des objectifs r\u00e9alistes.<\/span><\/p>\n<h3 class=\"p1\"><span style=\"color: #ffffff;\"><b>Un cadre clair<\/b><\/span><\/h3>\n<p class=\"p3\"><span style=\"color: #ffffff;\">Le suivi se fait dans le respect de la confidentialit\u00e9 et du secret professionnel, dans les limites pr\u00e9vues par la loi.<\/span><\/p>\n<p class=\"p3\"><span style=\"color: #ffffff;\">Vous pouvez venir avec une demande pr\u00e9cise, ou simplement avec le sentiment que \u201c\u00e7a ne va pas\u201d. On part de l\u00e0.<\/span><\/p>\n<p>[\/et_pb_text][\/et_pb_column][\/et_pb_row][\/et_pb_section][et_pb_section fb_built=\u00a0\u00bb1&Prime; _builder_version=\u00a0\u00bb4.27.5&Prime; _module_preset=\u00a0\u00bbdefault\u00a0\u00bb background_image=\u00a0\u00bbhttps:\/\/psycho-logiquement.ch\/wp-content\/uploads\/2026\/02\/psycho-logiquement-site-14-scaled.jpg\u00a0\u00bb background_position=\u00a0\u00bbtop_center\u00a0\u00bb background_vertical_offset=\u00a0\u00bb33%\u00a0\u00bb min_height=\u00a0\u00bb297px\u00a0\u00bb global_colors_info=\u00a0\u00bb{}\u00a0\u00bb][et_pb_row _builder_version=\u00a0\u00bb4.27.5&Prime; _module_preset=\u00a0\u00bbdefault\u00a0\u00bb global_colors_info=\u00a0\u00bb{}\u00a0\u00bb][et_pb_column type=\u00a0\u00bb4_4&Prime; _builder_version=\u00a0\u00bb4.27.5&Prime; _module_preset=\u00a0\u00bbdefault\u00a0\u00bb global_colors_info=\u00a0\u00bb{}\u00a0\u00bb][\/et_pb_column][\/et_pb_row][\/et_pb_section][et_pb_section fb_built=\u00a0\u00bb1&Prime; admin_label=\u00a0\u00bbQualifications\u00a0\u00bb _builder_version=\u00a0\u00bb4.27.5&Prime; _module_preset=\u00a0\u00bbdefault\u00a0\u00bb background_color=\u00a0\u00bbgcid-8544a4e2-27b8-420a-83de-1cee04f2fb29&Prime; min_height=\u00a0\u00bb403.4px\u00a0\u00bb custom_padding=\u00a0\u00bb16px||16px||false|false\u00a0\u00bb locked=\u00a0\u00bboff\u00a0\u00bb collapsed=\u00a0\u00bbon\u00a0\u00bb global_colors_info=\u00a0\u00bb{%22gcid-8544a4e2-27b8-420a-83de-1cee04f2fb29%22:%91%22background_color%22%93}\u00a0\u00bb][et_pb_row column_structure=\u00a0\u00bb1_3,2_3&Prime; _builder_version=\u00a0\u00bb4.25.1&Prime; _module_preset=\u00a0\u00bbdefault\u00a0\u00bb global_colors_info=\u00a0\u00bb{}\u00a0\u00bb width=\u00a0\u00bb79.6%\u00a0\u00bb custom_padding=\u00a0\u00bb|0px||||\u00a0\u00bb][et_pb_column type=\u00a0\u00bb1_3&Prime; _builder_version=\u00a0\u00bb4.25.1&Prime; _module_preset=\u00a0\u00bbdefault\u00a0\u00bb global_colors_info=\u00a0\u00bb{}\u00a0\u00bb][et_pb_image src=\u00a0\u00bbhttps:\/\/psycho-logiquement.ch\/wp-content\/uploads\/2026\/02\/milin-john-njXeTqyWcG8-unsplash-scaled.jpg\u00a0\u00bb title_text=\u00a0\u00bbmilin-john-njXeTqyWcG8-unsplash\u00a0\u00bb align_tablet=\u00a0\u00bbcenter\u00a0\u00bb align_phone=\u00a0\u00bbcenter\u00a0\u00bb align_last_edited=\u00a0\u00bbon|desktop\u00a0\u00bb _builder_version=\u00a0\u00bb4.27.5&Prime; _module_preset=\u00a0\u00bbdefault\u00a0\u00bb max_width=\u00a0\u00bb93%\u00a0\u00bb max_width_tablet=\u00a0\u00bb37.8%\u00a0\u00bb max_width_phone=\u00a0\u00bb99.1%\u00a0\u00bb max_width_last_edited=\u00a0\u00bbon|phone\u00a0\u00bb min_height=\u00a0\u00bb127px\u00a0\u00bb custom_margin=\u00a0\u00bb-11px|-154px||2px||\u00a0\u00bb custom_padding=\u00a0\u00bb0px||0px|||\u00a0\u00bb global_colors_info=\u00a0\u00bb{}\u00a0\u00bb][\/et_pb_image][\/et_pb_column][et_pb_column type=\u00a0\u00bb2_3&Prime; _builder_version=\u00a0\u00bb4.25.1&Prime; _module_preset=\u00a0\u00bbdefault\u00a0\u00bb global_colors_info=\u00a0\u00bb{}\u00a0\u00bb][et_pb_heading title=\u00a0\u00bbMon parcours\u00a0\u00bb _builder_version=\u00a0\u00bb4.27.5&Prime; _module_preset=\u00a0\u00bb14339677-665c-40a8-9dea-a8b06c6f6ddf\u00a0\u00bb title_text_color=\u00a0\u00bb#8EA48B\u00a0\u00bb title_font_size_tablet=\u00a0\u00bb30px\u00a0\u00bb title_font_size_phone=\u00a0\u00bb30px\u00a0\u00bb title_font_size_last_edited=\u00a0\u00bbon|phone\u00a0\u00bb global_colors_info=\u00a0\u00bb{}\u00a0\u00bb][\/et_pb_heading][et_pb_text _builder_version=\u00a0\u00bb4.27.5&Prime; _module_preset=\u00a0\u00bbc3b937c9-ebd7-47d6-8683-29a1491d36f9&Prime; text_font_size_tablet=\u00a0\u00bb16px\u00a0\u00bb text_font_size_phone=\u00a0\u00bb16px\u00a0\u00bb locked=\u00a0\u00bboff\u00a0\u00bb global_colors_info=\u00a0\u00bb{}\u00a0\u00bb]<\/p>\n<p>Je suis titulaire d\u2019un <span style=\"color: #8ea48b;\">Master en psychologie clinique et de la sant\u00e9<\/span> r\u00e9alis\u00e9 \u00e0 l\u2019Universit\u00e9 de Fribourg. Et je suis reconnue par la F\u00e9d\u00e9ration Suisse des Psychologues (FSP).<\/p>\n<p>Au cours de mon parcours, j\u2019ai effectu\u00e9 un stage de <span style=\"color: #8ea48b;\">Master en p\u00e9dopsychiatrie ambulatoire au CHUV<\/span>, une exp\u00e9rience qui m\u2019a permis d\u2019acqu\u00e9rir une solide pratique clinique aupr\u00e8s des enfants, des adolescents et de leurs familles. J\u2019ai aussi travaill\u00e9 <span style=\"color: #8ea48b;\">deux ans dans l\u2019unit\u00e9 hospitali\u00e8re psychiatrique des adolescents au CHUV<\/span> (UHPA).<\/p>\n<p>Je me suis \u00e9galement form\u00e9e \u00e0 diff\u00e9rentes approches et outils compl\u00e9mentaires, notamment \u00e0 la pr\u00e9vention du suicide \u00e0 travers la formation STOP Suicide (atelier s\u2019entraider), \u00e0 la coh\u00e9rence cardiaque (CEPUSPP), ainsi qu\u2019\u00e0 l\u2019approche centr\u00e9e sur la personne (ACP). Ces formations <span style=\"color: #8ea48b;\">nourrissent ma pratique et me permettent de proposer un accompagnement \u00e0 la fois structur\u00e9, humain et respectueux du rythme de chacun<\/span>.<\/p>\n<p>Mon parcours refl\u00e8te mon souhait de proposer une psychologie accessible, ancr\u00e9e dans la clinique, et attentive \u00e0 la singularit\u00e9 de chaque personne.<\/p>\n<p>[\/et_pb_text][\/et_pb_column][\/et_pb_row][\/et_pb_section][et_pb_section fb_built=\u00a0\u00bb1&Prime; admin_label=\u00a0\u00bbFooter\u00a0\u00bb _builder_version=\u00a0\u00bb4.27.5&Prime; _module_preset=\u00a0\u00bbdefault\u00a0\u00bb background_color=\u00a0\u00bbgcid-8544a4e2-27b8-420a-83de-1cee04f2fb29&Prime; custom_padding=\u00a0\u00bb16px||0px||false|false\u00a0\u00bb global_module=\u00a0\u00bb305&Prime; saved_tabs=\u00a0\u00bball\u00a0\u00bb collapsed=\u00a0\u00bbon\u00a0\u00bb global_colors_info=\u00a0\u00bb{%22gcid-8544a4e2-27b8-420a-83de-1cee04f2fb29%22:%91%22background_color%22%93}\u00a0\u00bb][et_pb_row column_structure=\u00a0\u00bb1_2,1_2&Prime; _builder_version=\u00a0\u00bb4.27.5&Prime; _module_preset=\u00a0\u00bbdefault\u00a0\u00bb width_tablet=\u00a0\u00bb\u00a0\u00bb width_phone=\u00a0\u00bb\u00a0\u00bb width_last_edited=\u00a0\u00bbon|phone\u00a0\u00bb module_alignment=\u00a0\u00bbcenter\u00a0\u00bb global_colors_info=\u00a0\u00bb{}\u00a0\u00bb][et_pb_column type=\u00a0\u00bb1_2&Prime; _builder_version=\u00a0\u00bb4.25.1&Prime; _module_preset=\u00a0\u00bbdefault\u00a0\u00bb global_colors_info=\u00a0\u00bb{}\u00a0\u00bb][et_pb_image src=\u00a0\u00bbhttps:\/\/psycho-logiquement.ch\/wp-content\/uploads\/2026\/01\/Logo-horizontal-couleur-scaled.png\u00a0\u00bb alt=\u00a0\u00bbLogo Psychologiquement horizontal couleur\u00a0\u00bb title_text=\u00a0\u00bbLogo Psychologiquement horizontal couleur\u00a0\u00bb _builder_version=\u00a0\u00bb4.27.5&Prime; _module_preset=\u00a0\u00bbdefault\u00a0\u00bb width=\u00a0\u00bb50%\u00a0\u00bb max_width_tablet=\u00a0\u00bb50%\u00a0\u00bb max_width_phone=\u00a0\u00bb70%\u00a0\u00bb max_width_last_edited=\u00a0\u00bbon|phone\u00a0\u00bb global_colors_info=\u00a0\u00bb{}\u00a0\u00bb][\/et_pb_image][\/et_pb_column][et_pb_column type=\u00a0\u00bb1_2&Prime; _builder_version=\u00a0\u00bb4.25.1&Prime; _module_preset=\u00a0\u00bbdefault\u00a0\u00bb global_colors_info=\u00a0\u00bb{}\u00a0\u00bb][et_pb_heading title=\u00a0\u00bbRachel Voirin\u00a0\u00bb _builder_version=\u00a0\u00bb4.27.5&Prime; _module_preset=\u00a0\u00bb6be7c69a-0d90-44c9-8074-d6f3ead8d20d\u00a0\u00bb title_level=\u00a0\u00bbh1&Prime; title_text_color=\u00a0\u00bb#8EA48B\u00a0\u00bb title_font_size=\u00a0\u00bb30px\u00a0\u00bb custom_margin=\u00a0\u00bb0px||0px||false|false\u00a0\u00bb custom_padding=\u00a0\u00bb0px||0px||false|false\u00a0\u00bb title_font_size_tablet=\u00a0\u00bb30px\u00a0\u00bb title_font_size_phone=\u00a0\u00bb30px\u00a0\u00bb title_font_size_last_edited=\u00a0\u00bbon|phone\u00a0\u00bb global_colors_info=\u00a0\u00bb{}\u00a0\u00bb][\/et_pb_heading][et_pb_heading title=\u00a0\u00bbPsychologue FSP\u00a0\u00bb _builder_version=\u00a0\u00bb4.27.5&Prime; _module_preset=\u00a0\u00bb5821052e-b66e-43eb-b243-7d83b92b0440&Prime; title_level=\u00a0\u00bbh1&Prime; title_text_color=\u00a0\u00bb#8EA48B\u00a0\u00bb title_font_size=\u00a0\u00bb30px\u00a0\u00bb custom_margin=\u00a0\u00bb0px||0px||false|false\u00a0\u00bb custom_padding=\u00a0\u00bb0px||0px||false|false\u00a0\u00bb title_font_size_tablet=\u00a0\u00bb30px\u00a0\u00bb title_font_size_phone=\u00a0\u00bb30px\u00a0\u00bb global_colors_info=\u00a0\u00bb{}\u00a0\u00bb][\/et_pb_heading][\/et_pb_column][\/et_pb_row][et_pb_row column_structure=\u00a0\u00bb1_3,1_3,1_3&Prime; _builder_version=\u00a0\u00bb4.27.5&Prime; _module_preset=\u00a0\u00bbdefault\u00a0\u00bb custom_padding=\u00a0\u00bb0px||0px||false|false\u00a0\u00bb global_colors_info=\u00a0\u00bb{}\u00a0\u00bb][et_pb_column type=\u00a0\u00bb1_3&Prime; _builder_version=\u00a0\u00bb4.25.1&Prime; _module_preset=\u00a0\u00bbdefault\u00a0\u00bb global_colors_info=\u00a0\u00bb{}\u00a0\u00bb][et_pb_heading title=\u00a0\u00bbCabinet\u00a0\u00bb _builder_version=\u00a0\u00bb4.27.5&Prime; _module_preset=\u00a0\u00bbff45916d-eb30-4cdd-9c99-a98f01ba5609&Prime; title_text_color=\u00a0\u00bb#8EA48B\u00a0\u00bb title_font_size=\u00a0\u00bb20px\u00a0\u00bb custom_margin=\u00a0\u00bb||0px||false|false\u00a0\u00bb title_font_size_tablet=\u00a0\u00bb20px\u00a0\u00bb title_font_size_phone=\u00a0\u00bb20px\u00a0\u00bb title_font_size_last_edited=\u00a0\u00bbon|desktop\u00a0\u00bb global_colors_info=\u00a0\u00bb{}\u00a0\u00bb][\/et_pb_heading][et_pb_text _builder_version=\u00a0\u00bb4.27.5&Prime; _module_preset=\u00a0\u00bb42ca8e9e-4146-44b1-b1f3-acd25f7dde85&Prime; text_font_size=\u00a0\u00bb16px\u00a0\u00bb link_option_url=\u00a0\u00bbhttps:\/\/share.google\/K1poCdcqWaBLYLRad\u00a0\u00bb link_option_url_new_window=\u00a0\u00bbon\u00a0\u00bb global_colors_info=\u00a0\u00bb{}\u00a0\u00bb]<\/p>\n<p>Avenue de Rumine 48, 1005 Lausanne<\/p>\n<p>[\/et_pb_text][\/et_pb_column][et_pb_column type=\u00a0\u00bb1_3&Prime; _builder_version=\u00a0\u00bb4.25.1&Prime; _module_preset=\u00a0\u00bbdefault\u00a0\u00bb global_colors_info=\u00a0\u00bb{}\u00a0\u00bb][et_pb_heading title=\u00a0\u00bbNum\u00e9ro de t\u00e9l\u00e9phone\u00a0\u00bb _builder_version=\u00a0\u00bb4.27.5&Prime; _module_preset=\u00a0\u00bbff45916d-eb30-4cdd-9c99-a98f01ba5609&Prime; title_text_color=\u00a0\u00bb#8EA48B\u00a0\u00bb title_font_size=\u00a0\u00bb20px\u00a0\u00bb custom_margin=\u00a0\u00bb||0px||false|false\u00a0\u00bb title_font_size_tablet=\u00a0\u00bb20px\u00a0\u00bb title_font_size_phone=\u00a0\u00bb20px\u00a0\u00bb title_font_size_last_edited=\u00a0\u00bbon|desktop\u00a0\u00bb global_colors_info=\u00a0\u00bb{}\u00a0\u00bb][\/et_pb_heading][et_pb_text content_tablet=\u00a0\u00bb<\/p>\n<p>+41 76 397 98 01<\/p>\n<p>\u00a0\u00bb content_phone=\u00a0\u00bb<\/p>\n<p>+41 76 397 98 01<\/p>\n<p>\u00a0\u00bb content_last_edited=\u00a0\u00bbon|tablet\u00a0\u00bb _builder_version=\u00a0\u00bb4.27.5&Prime; _module_preset=\u00a0\u00bb42ca8e9e-4146-44b1-b1f3-acd25f7dde85&Prime; text_font_size=\u00a0\u00bb16px\u00a0\u00bb link_option_url=\u00a0\u00bbtel:+41763979801&Prime; link_option_url_new_window=\u00a0\u00bbon\u00a0\u00bb global_colors_info=\u00a0\u00bb{}\u00a0\u00bb]<\/p>\n<p>+41 76 397 98 01<\/p>\n<p>[\/et_pb_text][\/et_pb_column][et_pb_column type=\u00a0\u00bb1_3&Prime; _builder_version=\u00a0\u00bb4.25.1&Prime; _module_preset=\u00a0\u00bbdefault\u00a0\u00bb global_colors_info=\u00a0\u00bb{}\u00a0\u00bb][et_pb_heading title=\u00a0\u00bbEmail\u00a0\u00bb _builder_version=\u00a0\u00bb4.27.5&Prime; _module_preset=\u00a0\u00bbff45916d-eb30-4cdd-9c99-a98f01ba5609&Prime; title_text_color=\u00a0\u00bb#8EA48B\u00a0\u00bb title_font_size=\u00a0\u00bb20px\u00a0\u00bb custom_margin=\u00a0\u00bb||0px||false|false\u00a0\u00bb title_font_size_tablet=\u00a0\u00bb20px\u00a0\u00bb title_font_size_phone=\u00a0\u00bb20px\u00a0\u00bb title_font_size_last_edited=\u00a0\u00bbon|desktop\u00a0\u00bb global_colors_info=\u00a0\u00bb{}\u00a0\u00bb][\/et_pb_heading][et_pb_text _builder_version=\u00a0\u00bb4.27.5&Prime; _module_preset=\u00a0\u00bb42ca8e9e-4146-44b1-b1f3-acd25f7dde85&Prime; text_font_size=\u00a0\u00bb16px\u00a0\u00bb link_text_color=\u00a0\u00bb#666666&Prime; link_option_url=\u00a0\u00bbmailto:psycho.logiquement.rachel@gmail.com\u00a0\u00bb link_option_url_new_window=\u00a0\u00bbon\u00a0\u00bb global_colors_info=\u00a0\u00bb{%22gcid-bcc99e3b-722a-4dba-85e5-49c6d1592562%22:%91%22quote_border_color%22,%22quote_border_color%22,%22quote_border_color%22,%22quote_border_color%22,%22quote_border_color%22%93,%22gcid-fa3e187d-20a7-4c5a-962d-49a38117a4cc%22:%91%22quote_text_color%22,%22quote_text_color%22,%22quote_text_color%22,%22quote_text_color%22,%22quote_text_color%22%93}\u00a0\u00bb]<\/p>\n<p>psycho.logiquement.rachel@gmail.com<\/p>\n<p>[\/et_pb_text][\/et_pb_column][\/et_pb_row][et_pb_row _builder_version=\u00a0\u00bb4.27.5&Prime; _module_preset=\u00a0\u00bbdefault\u00a0\u00bb custom_margin=\u00a0\u00bb0px||0px||false|false\u00a0\u00bb custom_padding=\u00a0\u00bb0px||0px||false|false\u00a0\u00bb border_color_all=\u00a0\u00bbRGBA(255,255,255,0)\u00a0\u00bb border_width_top=\u00a0\u00bb2px\u00a0\u00bb global_colors_info=\u00a0\u00bb{}\u00a0\u00bb][et_pb_column type=\u00a0\u00bb4_4&Prime; _builder_version=\u00a0\u00bb4.25.1&Prime; _module_preset=\u00a0\u00bbdefault\u00a0\u00bb global_colors_info=\u00a0\u00bb{}\u00a0\u00bb][et_pb_divider color=\u00a0\u00bb#8EA48B\u00a0\u00bb divider_position=\u00a0\u00bbbottom\u00a0\u00bb divider_weight=\u00a0\u00bb1px\u00a0\u00bb _builder_version=\u00a0\u00bb4.27.5&Prime; _module_preset=\u00a0\u00bbdefault\u00a0\u00bb global_colors_info=\u00a0\u00bb{}\u00a0\u00bb][\/et_pb_divider][\/et_pb_column][\/et_pb_row][\/et_pb_section]<\/p>\n","protected":false},"excerpt":{"rendered":"<p>J\u2019accompagne les adolescents, les adultes, les couples et les familles dans les diff\u00e9rentes \u00e9tapes de leur vie. Mon intention est de proposer un espace s\u00e9curisant et bienveillant, o\u00f9 chacun peut se sentir accueilli tel qu\u2019il est, sans jugement. En tant que psychologue, ce qui me tient particuli\u00e8rement \u00e0 c\u0153ur est de vous rencontrer l\u00e0 o\u00f9 [&hellip;]<\/p>\n","protected":false},"author":1,"featured_media":0,"parent":0,"menu_order":0,"comment_status":"closed","ping_status":"closed","template":"","meta":{"_et_pb_use_builder":"on","_et_pb_old_content":"","_et_gb_content_width":"","footnotes":""},"class_list":["post-21","page","type-page","status-publish","hentry"],"_links":{"self":[{"href":"https:\/\/psycho-logiquement.ch\/en\/wp-json\/wp\/v2\/pages\/21","targetHints":{"allow":["GET"]}}],"collection":[{"href":"https:\/\/psycho-logiquement.ch\/en\/wp-json\/wp\/v2\/pages"}],"about":[{"href":"https:\/\/psycho-logiquement.ch\/en\/wp-json\/wp\/v2\/types\/page"}],"author":[{"embeddable":true,"href":"https:\/\/psycho-logiquement.ch\/en\/wp-json\/wp\/v2\/users\/1"}],"replies":[{"embeddable":true,"href":"https:\/\/psycho-logiquement.ch\/en\/wp-json\/wp\/v2\/comments?post=21"}],"version-history":[{"count":29,"href":"https:\/\/psycho-logiquement.ch\/en\/wp-json\/wp\/v2\/pages\/21\/revisions"}],"predecessor-version":[{"id":386,"href":"https:\/\/psycho-logiquement.ch\/en\/wp-json\/wp\/v2\/pages\/21\/revisions\/386"}],"wp:attachment":[{"href":"https:\/\/psycho-logiquement.ch\/en\/wp-json\/wp\/v2\/media?parent=21"}],"curies":[{"name":"wp","href":"https:\/\/api.w.org\/{rel}","templated":true}]}}